{"id":7489,"date":"2016-01-13T22:27:47","date_gmt":"2016-01-13T21:27:47","guid":{"rendered":"https:\/\/journaldunpigeonvoyageur.com\/jpv\/?page_id=7489"},"modified":"2020-08-05T10:17:30","modified_gmt":"2020-08-05T09:17:30","slug":"qui-se-cache-derriere-le-jpv-2","status":"publish","type":"page","link":"https:\/\/www.journaldunpigeonvoyageur.com\/blog\/qui-se-cache-derriere-le-jpv-2\/","title":{"rendered":"QUI SE CACHE DERRIERE LE JPV?"},"content":{"rendered":"<div class=\"wpb-content-wrapper\">[vc_row row_type=\u00a0\u00bbrow\u00a0\u00bb text_align=\u00a0\u00bbleft\u00a0\u00bb css_animation=\u00a0\u00bb\u00a0\u00bb][vc_column width=\u00a0\u00bb1\/2&Prime;][vc_single_image image=\u00a0\u00bb17518&Prime; img_size=\u00a0\u00bbfull\u00a0\u00bb][\/vc_column][vc_column width=\u00a0\u00bb1\/2&Prime;][vc_column_text]\n<p style=\"text-align: justify;\">Ivy, une avocate, trentenaire, passionn\u00e9e depuis toujours par les Voyages et, davantage encore, par les escapades originales auxquelles, bien souvent, personne ne pense.<\/p>\n<p>&nbsp;<\/p>\n<p style=\"text-align: justify;\">Le Journal d\u2019un Pigeon Voyageur, lanc\u00e9 le 5 juillet 2014, se veut, ainsi, un passeport virtuel (n\u2019ayant, toutefois, pas vocation \u00e0 \u00eatre un ersatz des guides touristiques plus traditionnels) visant \u00e0 d\u00e9couvrir le Monde hors des sentiers battus.<\/p>\n<p>&nbsp;<\/p>\n<p style=\"text-align: justify;\"><strong>Destinations atypiques, exp\u00e9riences in\u00e9dites, \u00e9motions assur\u00e9es et <span style=\"text-decoration: underline;\">photographies personnelles<\/span><\/strong> : voil\u00e0 ce que vous r\u00e9servent, donc, mes r\u00e9cits de voyage o\u00f9 je partage mes coups de c\u0153ur.<\/p>\n<p>&nbsp;<\/p>\n<p style=\"text-align: justify;\">Ce faisant, mon pari est double : vous offrir, \u00e0 travers ce blog, un espace de d\u00e9couvertes toujours renouvel\u00e9es mais \u00e9galement vous inciter, apr\u00e8s lecture de l\u2019un de mes billets, \u00e0 inscrire la destination dont il s\u2019agit sur votre Travel List.<\/p>\n<p>&nbsp;<\/p>\n<p style=\"text-align: justify;\">Car comme le disait si justement le po\u00e8te fran\u00e7ais Lamartine \u00ab Il n\u2019y a pas d\u2019homme plus complet que celui qui a beaucoup voyag\u00e9, qui a chang\u00e9 vingt fois la forme de sa pens\u00e9e et de sa vie \u00bb.<\/p>\n<p>&nbsp;<\/p>\n<p style=\"text-align: justify;\">Une citation \u00e0 laquelle, vous vous en doutez, j\u2019adh\u00e8re totalement. \ud83d\ude42<\/p>\n<p>&nbsp;<\/p>\n<p style=\"text-align: justify;\">Voyageusement v\u00f4tre,<\/p>\n<p style=\"text-align: justify;\">.<\/p>\n[\/vc_column_text][\/vc_column][\/vc_row][vc_row row_type=\u00a0\u00bbrow\u00a0\u00bb text_align=\u00a0\u00bbleft\u00a0\u00bb css_animation=\u00a0\u00bb\u00a0\u00bb][vc_column][vc_column_text css=\u00a0\u00bb.vc_custom_1454175978075{margin-top: 50px !important;margin-bottom: 50px !important;}\u00a0\u00bb]\n[\/vc_column_text][\/vc_column][\/vc_row]\n<\/div>","protected":false},"excerpt":{"rendered":"<p>[vc_row row_type=\u00a0\u00bbrow\u00a0\u00bb text_align=\u00a0\u00bbleft\u00a0\u00bb css_animation=\u00a0\u00bb\u00a0\u00bb][vc_column width=\u00a0\u00bb1\/2&Prime;][vc_single_image image=\u00a0\u00bb17518&Prime; img_size=\u00a0\u00bbfull\u00a0\u00bb][\/vc_column][vc_column width=\u00a0\u00bb1\/2&Prime;][vc_column_text] Ivy, une avocate, trentenaire, passionn\u00e9e depuis toujours par les Voyages et, davantage encore, par les escapades originales auxquelles, bien souvent, personne ne pense. &nbsp; Le Journal d\u2019un Pigeon Voyageur, lanc\u00e9 le 5 juillet 2014, se veut, ainsi,&#8230;<\/p>\n","protected":false},"author":1,"featured_media":0,"parent":0,"menu_order":0,"comment_status":"closed","ping_status":"closed","template":"","meta":{"slim_seo":{"title":"QUI SE CACHE DERRIERE LE JPV? - Journal d&#039;un Pigeon Voyageur","description":"[vc_row row_type=\"row\" text_align=\"left\" css_animation=\"\"][vc_column width=\"1\/2\"][vc_single_image image=\"17518\" img_size=\"full\"][\/vc_column][vc_column width=\"1\/"},"footnotes":""},"class_list":["post-7489","page","type-page","status-publish","hentry"],"_links":{"self":[{"href":"https:\/\/www.journaldunpigeonvoyageur.com\/blog\/wp-json\/wp\/v2\/pages\/7489","targetHints":{"allow":["GET"]}}],"collection":[{"href":"https:\/\/www.journaldunpigeonvoyageur.com\/blog\/wp-json\/wp\/v2\/pages"}],"about":[{"href":"https:\/\/www.journaldunpigeonvoyageur.com\/blog\/wp-json\/wp\/v2\/types\/page"}],"author":[{"embeddable":true,"href":"https:\/\/www.journaldunpigeonvoyageur.com\/blog\/wp-json\/wp\/v2\/users\/1"}],"replies":[{"embeddable":true,"href":"https:\/\/www.journaldunpigeonvoyageur.com\/blog\/wp-json\/wp\/v2\/comments?post=7489"}],"version-history":[{"count":19,"href":"https:\/\/www.journaldunpigeonvoyageur.com\/blog\/wp-json\/wp\/v2\/pages\/7489\/revisions"}],"predecessor-version":[{"id":37622,"href":"https:\/\/www.journaldunpigeonvoyageur.com\/blog\/wp-json\/wp\/v2\/pages\/7489\/revisions\/37622"}],"wp:attachment":[{"href":"https:\/\/www.journaldunpigeonvoyageur.com\/blog\/wp-json\/wp\/v2\/media?parent=7489"}],"curies":[{"name":"wp","href":"https:\/\/api.w.org\/{rel}","templated":true}]}}